{"id":525,"date":"2023-10-17T12:08:50","date_gmt":"2023-10-17T15:08:50","guid":{"rendered":"https:\/\/cybsiti.com\/?page_id=525"},"modified":"2023-12-07T14:20:18","modified_gmt":"2023-12-07T17:20:18","slug":"portfolio","status":"publish","type":"page","link":"https:\/\/cybsiti.com\/index.php\/portfolio\/","title":{"rendered":"Portfolio de Soluciones"},"content":{"rendered":"\t\t<div data-elementor-type=\"wp-page\" data-elementor-id=\"525\" class=\"elementor elementor-525\">\n\t\t\t\t<div class=\"elementor-element elementor-element-b66adc4 e-flex e-con-boxed e-con e-parent\" data-id=\"b66adc4\" data-element_type=\"container\" data-e-type=\"container\">\n\t\t\t\t\t<div class=\"e-con-inner\">\n\t\t<div class=\"elementor-element elementor-element-02d8567 e-con-full e-flex e-con e-child\" data-id=\"02d8567\" data-element_type=\"container\" data-e-type=\"container\">\n\t\t\t\t<div class=\"elementor-element elementor-element-542b2e5 elementor-widget__width-initial elementor-widget-mobile__width-initial elementor-widget elementor-widget-heading\" data-id=\"542b2e5\" data-element_type=\"widget\" data-e-type=\"widget\" data-widget_type=\"heading.default\">\n\t\t\t\t<div class=\"elementor-widget-container\">\n\t\t\t\t\t<h2 class=\"elementor-heading-title elementor-size-default\">Portfolio de Soluciones<\/h2>\t\t\t\t<\/div>\n\t\t\t\t<\/div>\n\t\t\t\t<\/div>\n\t\t\t\t\t<\/div>\n\t\t\t\t<\/div>\n\t\t<div class=\"elementor-element elementor-element-8a303dc e-flex e-con-boxed e-con e-parent\" data-id=\"8a303dc\" data-element_type=\"container\" data-e-type=\"container\">\n\t\t\t\t\t<div class=\"e-con-inner\">\n\t\t\t\t<div class=\"elementor-element elementor-element-4449ca4 elementor-widget elementor-widget-spacer\" data-id=\"4449ca4\" data-element_type=\"widget\" data-e-type=\"widget\" data-widget_type=\"spacer.default\">\n\t\t\t\t<div class=\"elementor-widget-container\">\n\t\t\t\t\t\t\t<div class=\"elementor-spacer\">\n\t\t\t<div class=\"elementor-spacer-inner\"><\/div>\n\t\t<\/div>\n\t\t\t\t\t\t<\/div>\n\t\t\t\t<\/div>\n\t\t\t\t\t<\/div>\n\t\t\t\t<\/div>\n\t\t<div class=\"elementor-element elementor-element-2d36217 e-flex e-con-boxed e-con e-parent\" data-id=\"2d36217\" data-element_type=\"container\" data-e-type=\"container\">\n\t\t\t\t\t<div class=\"e-con-inner\">\n\t\t\t\t<div class=\"elementor-element elementor-element-46044d5 elementor-widget elementor-widget-heading\" data-id=\"46044d5\" data-element_type=\"widget\" data-e-type=\"widget\" data-widget_type=\"heading.default\">\n\t\t\t\t<div class=\"elementor-widget-container\">\n\t\t\t\t\t<p class=\"elementor-heading-title elementor-size-default\">Brindamos el portfolio completo de soluciones de consultor\u00eda en cyberseguridad e infraestructura inform\u00e1tica esenciales para darle continuidad a la operaci\u00f3n de su negocio<\/p>\t\t\t\t<\/div>\n\t\t\t\t<\/div>\n\t\t\t\t\t<\/div>\n\t\t\t\t<\/div>\n\t\t<div class=\"elementor-element elementor-element-5c5b3c6 e-flex e-con-boxed e-con e-parent\" data-id=\"5c5b3c6\" data-element_type=\"container\" data-e-type=\"container\">\n\t\t\t\t\t<div class=\"e-con-inner\">\n\t\t\t\t<div class=\"elementor-element elementor-element-ee4077c elementor-widget-divider--view-line elementor-widget elementor-widget-divider\" data-id=\"ee4077c\" data-element_type=\"widget\" data-e-type=\"widget\" data-widget_type=\"divider.default\">\n\t\t\t\t<div class=\"elementor-widget-container\">\n\t\t\t\t\t\t\t<div class=\"elementor-divider\">\n\t\t\t<span class=\"elementor-divider-separator\">\n\t\t\t\t\t\t<\/span>\n\t\t<\/div>\n\t\t\t\t\t\t<\/div>\n\t\t\t\t<\/div>\n\t\t\t\t\t<\/div>\n\t\t\t\t<\/div>\n\t\t<div class=\"elementor-element elementor-element-368426f e-flex e-con-boxed e-con e-parent\" data-id=\"368426f\" data-element_type=\"container\" data-e-type=\"container\">\n\t\t\t\t\t<div class=\"e-con-inner\">\n\t\t<div class=\"elementor-element elementor-element-920e34a e-con-full e-flex e-con e-child\" data-id=\"920e34a\" data-element_type=\"container\" data-e-type=\"container\">\n\t\t\t\t<div class=\"elementor-element elementor-element-05f7734 elementor-position-top elementor-widget elementor-widget-image-box\" data-id=\"05f7734\" data-element_type=\"widget\" data-e-type=\"widget\" data-widget_type=\"image-box.default\">\n\t\t\t\t<div class=\"elementor-widget-container\">\n\t\t\t\t\t<div class=\"elementor-image-box-wrapper\"><figure class=\"elementor-image-box-img\"><img decoding=\"async\" src=\"https:\/\/cybsiti.com\/wp-content\/uploads\/elementor\/thumbs\/IT-Area-4-qe2arwj5n20chju9stan5gey31d06hunl33r9zdd0w.jpg\" title=\"IT Area 4\" alt=\"IT Area 4\" loading=\"lazy\" \/><\/figure><div class=\"elementor-image-box-content\"><h4 class=\"elementor-image-box-title\">Gesti\u00f3n del \u00e1rea de IT<\/h4><p class=\"elementor-image-box-description\">Armado y gesti\u00f3n de presupuesto de gastos e inversiones \u2022 Gesti\u00f3n de proveedores \u2022 Evaluaci\u00f3n de propuestas de actualizaci\u00f3n tecnol\u00f3gica\u200b<\/p><\/div><\/div>\t\t\t\t<\/div>\n\t\t\t\t<\/div>\n\t\t\t\t<\/div>\n\t\t<div class=\"elementor-element elementor-element-c96fe8b e-con-full e-flex e-con e-child\" data-id=\"c96fe8b\" data-element_type=\"container\" data-e-type=\"container\">\n\t\t\t\t<div class=\"elementor-element elementor-element-50bc773 elementor-position-top elementor-widget elementor-widget-image-box\" data-id=\"50bc773\" data-element_type=\"widget\" data-e-type=\"widget\" data-widget_type=\"image-box.default\">\n\t\t\t\t<div class=\"elementor-widget-container\">\n\t\t\t\t\t<div class=\"elementor-image-box-wrapper\"><figure class=\"elementor-image-box-img\"><img decoding=\"async\" src=\"https:\/\/cybsiti.com\/wp-content\/uploads\/elementor\/thumbs\/Disaster-recovery-plan-2-qdyv4we10mx5bf67jccal5g435sk00o9ynu1t8x35c.jpg\" title=\"\" alt=\"\" loading=\"lazy\" \/><\/figure><div class=\"elementor-image-box-content\"><h4 class=\"elementor-image-box-title\">Plan de continuidad del negocio<\/h4><p class=\"elementor-image-box-description\">Dise\u00f1o \u2022 Confecci\u00f3n \u2022 Testing \u2022 Documentaci\u00f3n<\/p><\/div><\/div>\t\t\t\t<\/div>\n\t\t\t\t<\/div>\n\t\t\t\t<\/div>\n\t\t<div class=\"elementor-element elementor-element-4af4eda e-con-full e-flex e-con e-child\" data-id=\"4af4eda\" data-element_type=\"container\" data-e-type=\"container\">\n\t\t\t\t<div class=\"elementor-element elementor-element-39cf944 elementor-position-top elementor-widget elementor-widget-image-box\" data-id=\"39cf944\" data-element_type=\"widget\" data-e-type=\"widget\" data-widget_type=\"image-box.default\">\n\t\t\t\t<div class=\"elementor-widget-container\">\n\t\t\t\t\t<div class=\"elementor-image-box-wrapper\"><figure class=\"elementor-image-box-img\"><img decoding=\"async\" src=\"https:\/\/cybsiti.com\/wp-content\/uploads\/elementor\/thumbs\/IT-Security-Audit-qdry5ou2s4yn16qgdy233zhzo8bagjcoyw4hz6rcj4.jpg\" title=\"IT Security Audit\" alt=\"IT Security Audit\" loading=\"lazy\" \/><\/figure><div class=\"elementor-image-box-content\"><h4 class=\"elementor-image-box-title\">Auditor\u00edas de Seguridad Inform\u00e1tica<\/h4><p class=\"elementor-image-box-description\">Dise\u00f1o \u2022 Planificaci\u00f3n \u2022 Ejecuci\u00f3n<\/p><\/div><\/div>\t\t\t\t<\/div>\n\t\t\t\t<\/div>\n\t\t\t\t<\/div>\n\t\t<div class=\"elementor-element elementor-element-c4ff536 e-con-full e-flex e-con e-child\" data-id=\"c4ff536\" data-element_type=\"container\" data-e-type=\"container\">\n\t\t\t\t<div class=\"elementor-element elementor-element-4eee236 elementor-position-top elementor-widget elementor-widget-image-box\" data-id=\"4eee236\" data-element_type=\"widget\" data-e-type=\"widget\" data-widget_type=\"image-box.default\">\n\t\t\t\t<div class=\"elementor-widget-container\">\n\t\t\t\t\t<div class=\"elementor-image-box-wrapper\"><figure class=\"elementor-image-box-img\"><img decoding=\"async\" src=\"https:\/\/cybsiti.com\/wp-content\/uploads\/2023\/10\/Incident-management-10.png\" title=\"\" alt=\"\" loading=\"lazy\" \/><\/figure><div class=\"elementor-image-box-content\"><h4 class=\"elementor-image-box-title\">Plan de gesti\u00f3n de incidentes<\/h4><p class=\"elementor-image-box-description\">Dise\u00f1o \u2022 Armado \u2022 Prueba \u2022 Documentaci\u00f3n<\/p><\/div><\/div>\t\t\t\t<\/div>\n\t\t\t\t<\/div>\n\t\t\t\t<\/div>\n\t\t\t\t\t<\/div>\n\t\t\t\t<\/div>\n\t\t<div class=\"elementor-element elementor-element-30a257a e-flex e-con-boxed e-con e-parent\" data-id=\"30a257a\" data-element_type=\"container\" data-e-type=\"container\">\n\t\t\t\t\t<div class=\"e-con-inner\">\n\t\t\t\t<div class=\"elementor-element elementor-element-fe1baac elementor-widget-divider--view-line elementor-widget elementor-widget-divider\" data-id=\"fe1baac\" data-element_type=\"widget\" data-e-type=\"widget\" data-widget_type=\"divider.default\">\n\t\t\t\t<div class=\"elementor-widget-container\">\n\t\t\t\t\t\t\t<div class=\"elementor-divider\">\n\t\t\t<span class=\"elementor-divider-separator\">\n\t\t\t\t\t\t<\/span>\n\t\t<\/div>\n\t\t\t\t\t\t<\/div>\n\t\t\t\t<\/div>\n\t\t\t\t\t<\/div>\n\t\t\t\t<\/div>\n\t\t<div class=\"elementor-element elementor-element-2d86d96 e-flex e-con-boxed e-con e-parent\" data-id=\"2d86d96\" data-element_type=\"container\" data-e-type=\"container\">\n\t\t\t\t\t<div class=\"e-con-inner\">\n\t\t<div class=\"elementor-element elementor-element-79e4366 e-con-full e-flex e-con e-child\" data-id=\"79e4366\" data-element_type=\"container\" data-e-type=\"container\">\n\t\t\t\t<div class=\"elementor-element elementor-element-0070fea elementor-position-top elementor-widget elementor-widget-image-box\" data-id=\"0070fea\" data-element_type=\"widget\" data-e-type=\"widget\" data-widget_type=\"image-box.default\">\n\t\t\t\t<div class=\"elementor-widget-container\">\n\t\t\t\t\t<div class=\"elementor-image-box-wrapper\"><figure class=\"elementor-image-box-img\"><img decoding=\"async\" src=\"https:\/\/cybsiti.com\/wp-content\/uploads\/elementor\/thumbs\/Sala-de-servidores-1-qdyqsqhbkj56fo0cfc8nu2475li86bpotpyyhagqwg.jpg\" title=\"Sala de servidores\" alt=\"Sala de servidores\" loading=\"lazy\" \/><\/figure><div class=\"elementor-image-box-content\"><h4 class=\"elementor-image-box-title\">Servidores y Equipos de escritorio<\/h4><p class=\"elementor-image-box-description\">Ensamblado \u2022 Instalaci\u00f3n \u2022 Configuraci\u00f3n \u2022 Securizaci\u00f3n<\/p><\/div><\/div>\t\t\t\t<\/div>\n\t\t\t\t<\/div>\n\t\t\t\t<\/div>\n\t\t<div class=\"elementor-element elementor-element-4f87c26 e-con-full e-flex e-con e-child\" data-id=\"4f87c26\" data-element_type=\"container\" data-e-type=\"container\">\n\t\t\t\t<div class=\"elementor-element elementor-element-8571e59 elementor-position-top elementor-widget elementor-widget-image-box\" data-id=\"8571e59\" data-element_type=\"widget\" data-e-type=\"widget\" data-widget_type=\"image-box.default\">\n\t\t\t\t<div class=\"elementor-widget-container\">\n\t\t\t\t\t<div class=\"elementor-image-box-wrapper\"><figure class=\"elementor-image-box-img\"><img decoding=\"async\" src=\"https:\/\/cybsiti.com\/wp-content\/uploads\/elementor\/thumbs\/Almacenamiento-On-premise-y-On-cloud-2-scaled-qdrug31xcw2esisxjp04778bzku3dby6xlwxaauuy8.jpeg\" title=\"Server cloud data storage concept solution. Web database backup computer infrastructure technology. Cloudscape digital online service for global network\" alt=\"Server cloud data storage concept solution. Web database backup computer infrastructure technology. Cloudscape digital online service for global network.\" loading=\"lazy\" \/><\/figure><div class=\"elementor-image-box-content\"><h4 class=\"elementor-image-box-title\">Almacenamiento y Respaldo<\/h4><p class=\"elementor-image-box-description\">Dise\u00f1o \u2022 Armado \u2022 Configuraci\u00f3n \u2022 Redundancia \u2022 Software de respaldo (licenciado y open source) \u2022 Automatizaci\u00f3n de respaldos \u2022 Respaldos inmutables contra Ransomware y eliminaci\u00f3n involuntaria<\/p><\/div><\/div>\t\t\t\t<\/div>\n\t\t\t\t<\/div>\n\t\t\t\t<\/div>\n\t\t<div class=\"elementor-element elementor-element-c7b71e1 e-con-full e-flex e-con e-child\" data-id=\"c7b71e1\" data-element_type=\"container\" data-e-type=\"container\">\n\t\t\t\t<div class=\"elementor-element elementor-element-6c4f6c5 elementor-position-top elementor-widget elementor-widget-image-box\" data-id=\"6c4f6c5\" data-element_type=\"widget\" data-e-type=\"widget\" data-widget_type=\"image-box.default\">\n\t\t\t\t<div class=\"elementor-widget-container\">\n\t\t\t\t\t<div class=\"elementor-image-box-wrapper\"><figure class=\"elementor-image-box-img\"><img fetchpriority=\"high\" decoding=\"async\" width=\"626\" height=\"433\" src=\"https:\/\/cybsiti.com\/wp-content\/uploads\/2023\/10\/Configuraciones-de-cyberseguridad.jpg\" class=\"attachment-full size-full wp-image-588\" alt=\"\" srcset=\"https:\/\/cybsiti.com\/wp-content\/uploads\/2023\/10\/Configuraciones-de-cyberseguridad.jpg 626w, https:\/\/cybsiti.com\/wp-content\/uploads\/2023\/10\/Configuraciones-de-cyberseguridad-300x208.jpg 300w\" sizes=\"(max-width: 626px) 100vw, 626px\" \/><\/figure><div class=\"elementor-image-box-content\"><h4 class=\"elementor-image-box-title\">Configuraci\u00f3n de protecciones<\/h4><p class=\"elementor-image-box-description\">Antivirus \u2022 Antimalware \u2022 Configuraci\u00f3n de seguridad de hardware, software y  usuarios \u2022 Armado y configuraci\u00f3n de VPNs<\/p><\/div><\/div>\t\t\t\t<\/div>\n\t\t\t\t<\/div>\n\t\t\t\t<\/div>\n\t\t<div class=\"elementor-element elementor-element-b0be483 e-con-full e-flex e-con e-child\" data-id=\"b0be483\" data-element_type=\"container\" data-e-type=\"container\">\n\t\t\t\t<div class=\"elementor-element elementor-element-29b415e elementor-position-top elementor-widget elementor-widget-image-box\" data-id=\"29b415e\" data-element_type=\"widget\" data-e-type=\"widget\" data-widget_type=\"image-box.default\">\n\t\t\t\t<div class=\"elementor-widget-container\">\n\t\t\t\t\t<div class=\"elementor-image-box-wrapper\"><figure class=\"elementor-image-box-img\"><img decoding=\"async\" src=\"https:\/\/cybsiti.com\/wp-content\/uploads\/elementor\/thumbs\/Data-Networking_Services_upscaled-6-qdyy4lqa48cxmwq5meccsh0ihkxmzh91rqvyfn846o.jpg\" title=\"Data-Networking_Services_upscaled 6\" alt=\"Data-Networking_Services_upscaled 6\" loading=\"lazy\" \/><\/figure><div class=\"elementor-image-box-content\"><h4 class=\"elementor-image-box-title\">Networking y Wifi<\/h4><p class=\"elementor-image-box-description\">Dise\u00f1o \u2022 Armado \u2022 Configuraci\u00f3n \u2022 Routers \u2022 Firewalls \u2022 Switches \u2022 Configuraci\u00f3n de SSO \u2022 Bloqueo de usuarios y dispositivos \u2022 Armado de m\u00faltiples redes independientes<\/p><\/div><\/div>\t\t\t\t<\/div>\n\t\t\t\t<\/div>\n\t\t\t\t<\/div>\n\t\t\t\t\t<\/div>\n\t\t\t\t<\/div>\n\t\t<div class=\"elementor-element elementor-element-56f60eb e-flex e-con-boxed e-con e-parent\" data-id=\"56f60eb\" data-element_type=\"container\" data-e-type=\"container\">\n\t\t\t\t\t<div class=\"e-con-inner\">\n\t\t\t\t<div class=\"elementor-element elementor-element-5b33d05 elementor-widget-divider--view-line elementor-widget elementor-widget-divider\" data-id=\"5b33d05\" data-element_type=\"widget\" data-e-type=\"widget\" data-widget_type=\"divider.default\">\n\t\t\t\t<div class=\"elementor-widget-container\">\n\t\t\t\t\t\t\t<div class=\"elementor-divider\">\n\t\t\t<span class=\"elementor-divider-separator\">\n\t\t\t\t\t\t<\/span>\n\t\t<\/div>\n\t\t\t\t\t\t<\/div>\n\t\t\t\t<\/div>\n\t\t\t\t\t<\/div>\n\t\t\t\t<\/div>\n\t\t<div class=\"elementor-element elementor-element-63266e3 e-flex e-con-boxed e-con e-parent\" data-id=\"63266e3\" data-element_type=\"container\" data-e-type=\"container\">\n\t\t\t\t\t<div class=\"e-con-inner\">\n\t\t<div class=\"elementor-element elementor-element-de0cb33 e-con-full e-flex e-con e-child\" data-id=\"de0cb33\" data-element_type=\"container\" data-e-type=\"container\">\n\t\t\t\t<div class=\"elementor-element elementor-element-66a7fa3 elementor-position-top elementor-widget elementor-widget-image-box\" data-id=\"66a7fa3\" data-element_type=\"widget\" data-e-type=\"widget\" data-widget_type=\"image-box.default\">\n\t\t\t\t<div class=\"elementor-widget-container\">\n\t\t\t\t\t<div class=\"elementor-image-box-wrapper\"><figure class=\"elementor-image-box-img\"><img decoding=\"async\" width=\"1158\" height=\"690\" src=\"https:\/\/cybsiti.com\/wp-content\/uploads\/2023\/10\/db-componente.jpg\" class=\"attachment-full size-full wp-image-161\" alt=\"\" srcset=\"https:\/\/cybsiti.com\/wp-content\/uploads\/2023\/10\/db-componente.jpg 1158w, https:\/\/cybsiti.com\/wp-content\/uploads\/2023\/10\/db-componente-300x179.jpg 300w, https:\/\/cybsiti.com\/wp-content\/uploads\/2023\/10\/db-componente-1024x610.jpg 1024w, https:\/\/cybsiti.com\/wp-content\/uploads\/2023\/10\/db-componente-768x458.jpg 768w\" sizes=\"(max-width: 1158px) 100vw, 1158px\" \/><\/figure><div class=\"elementor-image-box-content\"><h4 class=\"elementor-image-box-title\">Bases de Datos<\/h4><p class=\"elementor-image-box-description\">Instalaci\u00f3n \u2022 Dise\u00f1o \u2022 Configuraci\u00f3n \u2022 Migraci\u00f3n \u2022 Respaldo \u2022 Redundancia<\/p><\/div><\/div>\t\t\t\t<\/div>\n\t\t\t\t<\/div>\n\t\t\t\t<\/div>\n\t\t<div class=\"elementor-element elementor-element-49f7648 e-con-full e-flex e-con e-child\" data-id=\"49f7648\" data-element_type=\"container\" data-e-type=\"container\">\n\t\t\t\t<div class=\"elementor-element elementor-element-0026f65 elementor-position-top elementor-widget elementor-widget-image-box\" data-id=\"0026f65\" data-element_type=\"widget\" data-e-type=\"widget\" data-widget_type=\"image-box.default\">\n\t\t\t\t<div class=\"elementor-widget-container\">\n\t\t\t\t\t<div class=\"elementor-image-box-wrapper\"><figure class=\"elementor-image-box-img\"><img decoding=\"async\" width=\"2238\" height=\"1230\" src=\"https:\/\/cybsiti.com\/wp-content\/uploads\/2023\/10\/Martillo-1.jpeg\" class=\"attachment-full size-full wp-image-554\" alt=\"\" srcset=\"https:\/\/cybsiti.com\/wp-content\/uploads\/2023\/10\/Martillo-1.jpeg 2238w, https:\/\/cybsiti.com\/wp-content\/uploads\/2023\/10\/Martillo-1-300x165.jpeg 300w, https:\/\/cybsiti.com\/wp-content\/uploads\/2023\/10\/Martillo-1-1024x563.jpeg 1024w, https:\/\/cybsiti.com\/wp-content\/uploads\/2023\/10\/Martillo-1-768x422.jpeg 768w, https:\/\/cybsiti.com\/wp-content\/uploads\/2023\/10\/Martillo-1-1536x844.jpeg 1536w, https:\/\/cybsiti.com\/wp-content\/uploads\/2023\/10\/Martillo-1-2048x1126.jpeg 2048w\" sizes=\"(max-width: 2238px) 100vw, 2238px\" \/><\/figure><div class=\"elementor-image-box-content\"><h4 class=\"elementor-image-box-title\"><br>Lex-Doctor<br>Sistema de Gesti\u00f3n de estudios jur\u00eddicos<\/h4><p class=\"elementor-image-box-description\">Instalaci\u00f3n \u2022 Configuraci\u00f3n de servidores y clientes \u2022 Migraci\u00f3n de servidores \u2022 Automatizaci\u00f3n de respaldos \u2022 Documentaci\u00f3n de plan de contingencia<\/p><\/div><\/div>\t\t\t\t<\/div>\n\t\t\t\t<\/div>\n\t\t\t\t<\/div>\n\t\t<div class=\"elementor-element elementor-element-424bf21 e-con-full e-flex e-con e-child\" data-id=\"424bf21\" data-element_type=\"container\" data-e-type=\"container\">\n\t\t\t\t<div class=\"elementor-element elementor-element-9570fba elementor-position-top elementor-widget elementor-widget-image-box\" data-id=\"9570fba\" data-element_type=\"widget\" data-e-type=\"widget\" data-widget_type=\"image-box.default\">\n\t\t\t\t<div class=\"elementor-widget-container\">\n\t\t\t\t\t<div class=\"elementor-image-box-wrapper\"><figure class=\"elementor-image-box-img\"><img loading=\"lazy\" decoding=\"async\" width=\"626\" height=\"372\" src=\"https:\/\/cybsiti.com\/wp-content\/uploads\/2023\/10\/metodos-autenticacion-biometrica-composicion-isometrica_1284-24972-2.jpg\" class=\"attachment-full size-full wp-image-627\" alt=\"\" srcset=\"https:\/\/cybsiti.com\/wp-content\/uploads\/2023\/10\/metodos-autenticacion-biometrica-composicion-isometrica_1284-24972-2.jpg 626w, https:\/\/cybsiti.com\/wp-content\/uploads\/2023\/10\/metodos-autenticacion-biometrica-composicion-isometrica_1284-24972-2-300x178.jpg 300w\" sizes=\"(max-width: 626px) 100vw, 626px\" \/><\/figure><div class=\"elementor-image-box-content\"><h4 class=\"elementor-image-box-title\">Accesos f\u00edsicos y l\u00f3gicos<\/h4><p class=\"elementor-image-box-description\">Seguridad de accesos f\u00edsicos \u2022 Cerraduras magn\u00e9ticas \u2022 Accesos biom\u00e9tricos \u2022 Dispositivos antip\u00e1nico \u2022 Interfaz con sistemas de registraci\u00f3n de fichadas<\/p><\/div><\/div>\t\t\t\t<\/div>\n\t\t\t\t<\/div>\n\t\t\t\t<\/div>\n\t\t\t\t\t<\/div>\n\t\t\t\t<\/div>\n\t\t<div class=\"elementor-element elementor-element-07e474d e-flex e-con-boxed e-con e-parent\" data-id=\"07e474d\" data-element_type=\"container\" data-e-type=\"container\">\n\t\t\t\t\t<div class=\"e-con-inner\">\n\t\t\t\t<div class=\"elementor-element elementor-element-accb610 elementor-widget-divider--view-line elementor-widget elementor-widget-divider\" data-id=\"accb610\" data-element_type=\"widget\" data-e-type=\"widget\" data-widget_type=\"divider.default\">\n\t\t\t\t<div class=\"elementor-widget-container\">\n\t\t\t\t\t\t\t<div class=\"elementor-divider\">\n\t\t\t<span class=\"elementor-divider-separator\">\n\t\t\t\t\t\t<\/span>\n\t\t<\/div>\n\t\t\t\t\t\t<\/div>\n\t\t\t\t<\/div>\n\t\t\t\t\t<\/div>\n\t\t\t\t<\/div>\n\t\t<div class=\"elementor-element elementor-element-c3ea712 e-flex e-con-boxed e-con e-parent\" data-id=\"c3ea712\" data-element_type=\"container\" data-e-type=\"container\">\n\t\t\t\t\t<div class=\"e-con-inner\">\n\t\t\t\t<div class=\"elementor-element elementor-element-22ae8e3 elementor-widget__width-initial elementor-widget elementor-widget-heading\" data-id=\"22ae8e3\" data-element_type=\"widget\" data-e-type=\"widget\" data-widget_type=\"heading.default\">\n\t\t\t\t<div class=\"elementor-widget-container\">\n\t\t\t\t\t<h2 class=\"elementor-heading-title elementor-size-default\">Toda red es tan vulnerable como su elemento m\u00e1s vulnerable<\/h2>\t\t\t\t<\/div>\n\t\t\t\t<\/div>\n\t\t\t\t\t<\/div>\n\t\t\t\t<\/div>\n\t\t\t\t<\/div>\n\t\t","protected":false},"excerpt":{"rendered":"<p>Portfolio de Soluciones Brindamos el portfolio completo de soluciones de consultor\u00eda en cyberseguridad e infraestructura inform\u00e1tica esenciales para darle continuidad [&hellip;]<\/p>\n","protected":false},"author":1,"featured_media":0,"parent":0,"menu_order":0,"comment_status":"closed","ping_status":"closed","template":"","meta":{"_monsterinsights_skip_tracking":false,"_monsterinsights_sitenote_active":false,"_monsterinsights_sitenote_note":"","_monsterinsights_sitenote_category":0,"site-sidebar-layout":"default","site-content-layout":"","ast-site-content-layout":"default","site-content-style":"default","site-sidebar-style":"default","ast-global-header-display":"","ast-banner-title-visibility":"","ast-main-header-display":"","ast-hfb-above-header-display":"","ast-hfb-below-header-display":"","ast-hfb-mobile-header-display":"","site-post-title":"","ast-breadcrumbs-content":"","ast-featured-img":"","footer-sml-layout":"","ast-disable-related-posts":"","theme-transparent-header-meta":"","adv-header-id-meta":"","stick-header-meta":"","header-above-stick-meta":"","header-main-stick-meta":"","header-below-stick-meta":"","astra-migrate-meta-layouts":"default","ast-page-background-enabled":"default","ast-page-background-meta":{"desktop":{"background-color":"var(--ast-global-color-5)","background-image":"","background-repeat":"repeat","background-position":"center center","background-size":"auto","background-attachment":"scroll","background-type":"","background-media":"","overlay-type":"","overlay-color":"","overlay-opacity":"","overlay-gradient":""},"tablet":{"background-color":"","background-image":"","background-repeat":"repeat","background-position":"center center","background-size":"auto","background-attachment":"scroll","background-type":"","background-media":"","overlay-type":"","overlay-color":"","overlay-opacity":"","overlay-gradient":""},"mobile":{"background-color":"","background-image":"","background-repeat":"repeat","background-position":"center center","background-size":"auto","background-attachment":"scroll","background-type":"","background-media":"","overlay-type":"","overlay-color":"","overlay-opacity":"","overlay-gradient":""}},"ast-content-background-meta":{"desktop":{"background-color":"var(--ast-global-color-4)","background-image":"","background-repeat":"repeat","background-position":"center center","background-size":"auto","background-attachment":"scroll","background-type":"","background-media":"","overlay-type":"","overlay-color":"","overlay-opacity":"","overlay-gradient":""},"tablet":{"background-color":"var(--ast-global-color-4)","background-image":"","background-repeat":"repeat","background-position":"center center","background-size":"auto","background-attachment":"scroll","background-type":"","background-media":"","overlay-type":"","overlay-color":"","overlay-opacity":"","overlay-gradient":""},"mobile":{"background-color":"var(--ast-global-color-4)","background-image":"","background-repeat":"repeat","background-position":"center center","background-size":"auto","background-attachment":"scroll","background-type":"","background-media":"","overlay-type":"","overlay-color":"","overlay-opacity":"","overlay-gradient":""}},"footnotes":""},"class_list":["post-525","page","type-page","status-publish","hentry"],"_links":{"self":[{"href":"https:\/\/cybsiti.com\/index.php\/wp-json\/wp\/v2\/pages\/525","targetHints":{"allow":["GET"]}}],"collection":[{"href":"https:\/\/cybsiti.com\/index.php\/wp-json\/wp\/v2\/pages"}],"about":[{"href":"https:\/\/cybsiti.com\/index.php\/wp-json\/wp\/v2\/types\/page"}],"author":[{"embeddable":true,"href":"https:\/\/cybsiti.com\/index.php\/wp-json\/wp\/v2\/users\/1"}],"replies":[{"embeddable":true,"href":"https:\/\/cybsiti.com\/index.php\/wp-json\/wp\/v2\/comments?post=525"}],"version-history":[{"count":0,"href":"https:\/\/cybsiti.com\/index.php\/wp-json\/wp\/v2\/pages\/525\/revisions"}],"wp:attachment":[{"href":"https:\/\/cybsiti.com\/index.php\/wp-json\/wp\/v2\/media?parent=525"}],"curies":[{"name":"wp","href":"https:\/\/api.w.org\/{rel}","templated":true}]}}